{"id":11908,"date":"2023-04-04T01:24:26","date_gmt":"2023-04-04T04:24:26","guid":{"rendered":"https:\/\/estrategiaeanalise.com.br\/?page_id=11908"},"modified":"2023-09-04T16:20:03","modified_gmt":"2023-09-04T19:20:03","slug":"ajude-a-gente","status":"publish","type":"page","link":"https:\/\/estrategiaeanalise.com.br\/?page_id=11908","title":{"rendered":"Colabore com o site"},"content":{"rendered":"\n<p>Este portal \u00e9 o resultado de horas de trabalho semanais, com produ\u00e7\u00e3o de texto, colunas de \u00e1udio e dezenas de participa\u00e7\u00f5es em m\u00eddia. Ajudando o site voc\u00ea fortalece a vis\u00e3o cr\u00edtica e a comunica\u00e7\u00e3o em defesa dos povos do Brasil e da Am\u00e9rica Latina. <\/p>\n\n\n\n<p><\/p>\n\n\n\n<p><\/p>\n\n\n\n<p><\/p>\n\n\n\n<p><\/p>\n\n\n\n<p class=\"has-text-align-center\">Use a chave <strong>51998791922<\/strong> , Escaneie esse QR CODE com seu aplicativo do banco ou copie o c\u00f3digo do Pix Copia e Cola:<\/p>\n\n\n\n<p class=\"has-text-align-center\"><strong>00020126360014BR.GOV.BCB.PIX0114+55519987919225204000053039865802BR5918JULIA KLEIN CALDAS6009SAO PAULO62250521NBjNJPXB5ybOMVEt2ZQfr63041EB1<\/strong><\/p>\n\n\n\n<figure class=\"wp-block-image size-large\"><img loading=\"lazy\" decoding=\"async\" width=\"980\" height=\"1024\" src=\"https:\/\/estrategiaeanalise.com.br\/wp-content\/uploads\/2023\/09\/pix-980x1024.png\" alt=\"\" class=\"wp-image-12062\" srcset=\"https:\/\/estrategiaeanalise.com.br\/wp-content\/uploads\/2023\/09\/pix-980x1024.png 980w, https:\/\/estrategiaeanalise.com.br\/wp-content\/uploads\/2023\/09\/pix-287x300.png 287w, https:\/\/estrategiaeanalise.com.br\/wp-content\/uploads\/2023\/09\/pix-768x802.png 768w, https:\/\/estrategiaeanalise.com.br\/wp-content\/uploads\/2023\/09\/pix.png 1080w\" sizes=\"auto, (max-width: 980px) 100vw, 980px\" \/><\/figure>\n\n\n\n<p><\/p>\n\n\n\n<p><\/p>\n","protected":false},"excerpt":{"rendered":"<p>Este portal \u00e9 o resultado de horas de trabalho semanais, com produ\u00e7\u00e3o de texto, colunas de \u00e1udio e dezenas de participa\u00e7\u00f5es em m\u00eddia. Ajudando o site voc\u00ea fortalece a vis\u00e3o cr\u00edtica e a comunica\u00e7\u00e3o em defesa dos povos do Brasil e da Am\u00e9rica Latina. Use a chave 51998791922 , Escaneie esse QR CODE com seu [&hellip;]<\/p>\n","protected":false},"author":1,"featured_media":0,"parent":0,"menu_order":0,"comment_status":"closed","ping_status":"closed","template":"","meta":{"footnotes":""},"class_list":["post-11908","page","type-page","status-publish","hentry"],"_links":{"self":[{"href":"https:\/\/estrategiaeanalise.com.br\/index.php?rest_route=\/wp\/v2\/pages\/11908","targetHints":{"allow":["GET"]}}],"collection":[{"href":"https:\/\/estrategiaeanalise.com.br\/index.php?rest_route=\/wp\/v2\/pages"}],"about":[{"href":"https:\/\/estrategiaeanalise.com.br\/index.php?rest_route=\/wp\/v2\/types\/page"}],"author":[{"embeddable":true,"href":"https:\/\/estrategiaeanalise.com.br\/index.php?rest_route=\/wp\/v2\/users\/1"}],"replies":[{"embeddable":true,"href":"https:\/\/estrategiaeanalise.com.br\/index.php?rest_route=%2Fwp%2Fv2%2Fcomments&post=11908"}],"version-history":[{"count":12,"href":"https:\/\/estrategiaeanalise.com.br\/index.php?rest_route=\/wp\/v2\/pages\/11908\/revisions"}],"predecessor-version":[{"id":12064,"href":"https:\/\/estrategiaeanalise.com.br\/index.php?rest_route=\/wp\/v2\/pages\/11908\/revisions\/12064"}],"wp:attachment":[{"href":"https:\/\/estrategiaeanalise.com.br\/index.php?rest_route=%2Fwp%2Fv2%2Fmedia&parent=11908"}],"curies":[{"name":"wp","href":"https:\/\/api.w.org\/{rel}","templated":true}]}}