{"id":3,"date":"2023-03-09T14:20:48","date_gmt":"2023-03-09T17:20:48","guid":{"rendered":"http:\/\/estrategiaeanalise.com.br\/?page_id=3"},"modified":"2023-04-05T16:07:10","modified_gmt":"2023-04-05T19:07:10","slug":"politica-de-privacidade","status":"publish","type":"page","link":"https:\/\/estrategiaeanalise.com.br\/?page_id=3","title":{"rendered":"Sobre o blog"},"content":{"rendered":"\n<h1 class=\"wp-block-heading\">Sobre o blog<\/h1>\n\n\n\n<p>O blog Estrat\u00e9gia e An\u00e1lise \u00e9 editado pelo jornalista, cientista pol\u00edtico e professor de rela\u00e7\u00f5es internacionais Bruno Lima Rocha Beaklini e difunde conte\u00fado para dezenas de outras publica\u00e7\u00f5es do Brasil, da Am\u00e9rica Latina al\u00e9m de diversos pa\u00edses. O objetivo \u00e9 produzir o Estado da Arte nas \u00e1reas de concentra\u00e7\u00e3o do site (rela\u00e7\u00f5es internacionais, an\u00e1lise pol\u00edtica, economia pol\u00edtica, cr\u00edtica da m\u00eddia, seguran\u00e7a e defesa, movimentos populares), sempre levando em conta o interesse, as necessidades e as metas de longo prazo dos povos do Sul Global. Os valores deste portal s\u00e3o: justi\u00e7a social, democracia participativa, soberania popular, defesa do mundo do trabalho, direitos humanos e igualit\u00e1rios. Produzimos em l\u00edngua portuguesa, espanhol e em ingl\u00eas.<\/p>\n","protected":false},"excerpt":{"rendered":"<p>Sobre o blog O blog Estrat\u00e9gia e An\u00e1lise \u00e9 editado pelo jornalista, cientista pol\u00edtico e professor de rela\u00e7\u00f5es internacionais Bruno Lima Rocha Beaklini e difunde conte\u00fado para dezenas de outras publica\u00e7\u00f5es do Brasil, da Am\u00e9rica Latina al\u00e9m de diversos pa\u00edses. O objetivo \u00e9 produzir o Estado da Arte nas \u00e1reas de concentra\u00e7\u00e3o do site (rela\u00e7\u00f5es [&hellip;]<\/p>\n","protected":false},"author":1,"featured_media":0,"parent":0,"menu_order":0,"comment_status":"closed","ping_status":"open","template":"","meta":{"footnotes":""},"class_list":["post-3","page","type-page","status-publish","hentry"],"_links":{"self":[{"href":"https:\/\/estrategiaeanalise.com.br\/index.php?rest_route=\/wp\/v2\/pages\/3","targetHints":{"allow":["GET"]}}],"collection":[{"href":"https:\/\/estrategiaeanalise.com.br\/index.php?rest_route=\/wp\/v2\/pages"}],"about":[{"href":"https:\/\/estrategiaeanalise.com.br\/index.php?rest_route=\/wp\/v2\/types\/page"}],"author":[{"embeddable":true,"href":"https:\/\/estrategiaeanalise.com.br\/index.php?rest_route=\/wp\/v2\/users\/1"}],"replies":[{"embeddable":true,"href":"https:\/\/estrategiaeanalise.com.br\/index.php?rest_route=%2Fwp%2Fv2%2Fcomments&post=3"}],"version-history":[{"count":4,"href":"https:\/\/estrategiaeanalise.com.br\/index.php?rest_route=\/wp\/v2\/pages\/3\/revisions"}],"predecessor-version":[{"id":11934,"href":"https:\/\/estrategiaeanalise.com.br\/index.php?rest_route=\/wp\/v2\/pages\/3\/revisions\/11934"}],"wp:attachment":[{"href":"https:\/\/estrategiaeanalise.com.br\/index.php?rest_route=%2Fwp%2Fv2%2Fmedia&parent=3"}],"curies":[{"name":"wp","href":"https:\/\/api.w.org\/{rel}","templated":true}]}}